{"id":433,"date":"2024-06-09T11:49:51","date_gmt":"2024-06-09T09:49:51","guid":{"rendered":"https:\/\/myconveyor.online\/?page_id=433"},"modified":"2024-06-10T07:16:41","modified_gmt":"2024-06-10T05:16:41","slug":"implementation","status":"publish","type":"page","link":"https:\/\/myconveyor.online\/nl\/implementation\/","title":{"rendered":"Implementatie"},"content":{"rendered":"<!--themify_builder_content-->\n<div id=\"themify_builder_content-433\" data-postid=\"433\" class=\"themify_builder_content themify_builder_content-433 themify_builder tf_clear\">\n                    <div  data-lazy=\"1\" class=\"module_row themify_builder_row tb_brqs271 tb_first tf_w\">\n            <span  class=\"builder_row_cover tf_abs\" data-lazy=\"1\"><\/span>            <div class=\"row_inner col_align_top tb_col_count_1 tf_box tf_rel\">\n                        <div  data-lazy=\"1\" class=\"module_column tb-column col-full tb_nkvr271 first\">\n                    <!-- module text -->\n<div  class=\"module module-text tb_u4db271\" data-lazy=\"1\">\n        <div  class=\"tb_text_wrap\">\n        <h2>Implementatie<\/h2>    <\/div>\n<\/div>\n<!-- \/module text --><!-- module text -->\n<div  class=\"module module-text tb_91nb271\" data-lazy=\"1\">\n        <div  class=\"tb_text_wrap\">\n        <p>U kunt de implementatie van MyConveyor zelf- of met behulp van \u00e9\u00e9n van onze partners uitvoeren. In elk geval moeten alle onderdelen in kaart gebracht worden in onze speciale template, en moeten aanvullende documenten aangeleverd worden. Hierna verwerken wij alles in onze database.<\/p>\n<p>\u00a0<\/p>\n<p>Uiteraard kost deze initi\u00eble, \u00e9\u00e9nmalige inventarisatie tijd en kennis. Onze partners zijn hier op ingericht en doen dit dan ook snel en accuraat. Neem gerust contact met ze op.<\/p>\n<p>\u00a0<\/p>    <\/div>\n<\/div>\n<!-- \/module text --><!-- module image -->\n<div  class=\"module module-image tb_t4to271 image-top   tf_mw\" data-lazy=\"1\">\n        <div class=\"image-wrap tf_rel tf_mw\">\n            <img loading=\"lazy\" decoding=\"async\" width=\"4052\" height=\"2908\" src=\"https:\/\/myconveyor.online\/wp-content\/uploads\/2024\/06\/Scherm\u00adafbeelding-2024-06-09-om-14.42.03.png\" class=\"wp-post-image wp-image-562\" title=\"Scherm\u00adafbeelding 2024-06-09 om 14.42.03\" alt=\"Scherm\u00adafbeelding 2024-06-09 om 14.42.03\" srcset=\"https:\/\/myconveyor.online\/wp-content\/uploads\/2024\/06\/Scherm\u00adafbeelding-2024-06-09-om-14.42.03.png 4052w, https:\/\/myconveyor.online\/wp-content\/uploads\/2024\/06\/Scherm\u00adafbeelding-2024-06-09-om-14.42.03-300x215.png 300w, https:\/\/myconveyor.online\/wp-content\/uploads\/2024\/06\/Scherm\u00adafbeelding-2024-06-09-om-14.42.03-1024x735.png 1024w, https:\/\/myconveyor.online\/wp-content\/uploads\/2024\/06\/Scherm\u00adafbeelding-2024-06-09-om-14.42.03-768x551.png 768w, https:\/\/myconveyor.online\/wp-content\/uploads\/2024\/06\/Scherm\u00adafbeelding-2024-06-09-om-14.42.03-1536x1102.png 1536w, https:\/\/myconveyor.online\/wp-content\/uploads\/2024\/06\/Scherm\u00adafbeelding-2024-06-09-om-14.42.03-2048x1470.png 2048w\" sizes=\"auto, (max-width: 4052px) 100vw, 4052px\" \/>    \n        <\/div>\n    <!-- \/image-wrap -->\n    \n        <\/div>\n<!-- \/module image --><!-- module text -->\n<div  class=\"module module-text tb_9h7f271\" data-lazy=\"1\">\n        <div  class=\"tb_text_wrap\">\n        <h2>Partners<\/h2>    <\/div>\n<\/div>\n<!-- \/module text -->        <div  data-lazy=\"1\" class=\"module_subrow themify_builder_sub_row tf_w col_align_top tb_col_count_1 tb_rg1a271\">\n                <div  data-lazy=\"1\" class=\"module_column sub_column tb_3253107 first\">\n                            <\/div>\n                    <\/div>\n                <div  data-lazy=\"1\" class=\"module_subrow themify_builder_sub_row tf_w col_align_top tb_col_count_3 tb_vvh5271\">\n                <div  data-lazy=\"1\" class=\"module_column sub_column col3-1 tb_3pmm271 first\">\n                    <!-- module text -->\n<div  class=\"module module-text tb_0w5v271\" data-lazy=\"1\">\n        <div  class=\"tb_text_wrap\">\n        <h3>Total Belting<\/h3>    <\/div>\n<\/div>\n<!-- \/module text --><!-- module text -->\n<div  class=\"module module-text tb_ubrp271\" data-lazy=\"1\">\n        <div  class=\"tb_text_wrap\">\n        <p>Maagdenburgstraat 14<\/p>\n<p>7421 ZC Deventer<\/p>\n<p>Netherlands<\/p>\n<p><a href=\"https:\/\/www.total-belting.nl\">https:\/\/www.total-belting.nl<\/a><\/p>\n<p>verkoop@total-belting.nl<\/p>    <\/div>\n<\/div>\n<!-- \/module text --><!-- module icon -->\n<div  class=\"module module-icon tb_yvhk271   none icon_vertical\" data-lazy=\"1\">\n\t\t\t<div class=\"module-icon-item\">\n\t\t\t\t\t\t\t\t\t\t\t\t\t\t\t\t<em class=\"tf_box\"\n\t\t\t\t\t\t\t\t\t\t\t\t style=\"color:#009bfe\"\t\t\t\t\t><svg  class=\"tf_fa tf-fas-ruler-combined\" aria-hidden=\"true\"><use href=\"#tf-fas-ruler-combined\"><\/use><\/svg><\/em>\n\t\t\t\t\t\t\t\t\t\t\t\t\t\t\t\t\t\t\t<span>Lijn Inventarisatie<\/span>\n\t\t\t\t\t\t\t\t\t\t\t\t\t\t\t<\/div>\n\t\t\t<div class=\"module-icon-item\">\n\t\t\t\t\t\t\t\t\t\t\t\t\t\t\t\t<em class=\"tf_box\"\n\t\t\t\t\t\t\t\t\t\t\t\t style=\"color:#009bfe\"\t\t\t\t\t><svg  class=\"tf_fa tf-fas-qrcode\" aria-hidden=\"true\"><use href=\"#tf-fas-qrcode\"><\/use><\/svg><\/em>\n\t\t\t\t\t\t\t\t\t\t\t\t\t\t\t\t\t\t\t<span>TAG Application<\/span>\n\t\t\t\t\t\t\t\t\t\t\t\t\t\t\t<\/div>\n\t<\/div>\n<!-- \/module icon -->\n        <\/div>\n                    <div  data-lazy=\"1\" class=\"module_column sub_column col3-1 tb_h9sy271\">\n                    <!-- module text -->\n<div  class=\"module module-text tb_t3hb271\" data-lazy=\"1\">\n        <div  class=\"tb_text_wrap\">\n        <h3>Total Belting<\/h3>    <\/div>\n<\/div>\n<!-- \/module text --><!-- module text -->\n<div  class=\"module module-text tb_rdip271\" data-lazy=\"1\">\n        <div  class=\"tb_text_wrap\">\n        <p>Blauwwater 17<\/p>\n<p>5951 DB Belfeld<\/p>\n<p>Netherlands<\/p>\n<p><a href=\"https:\/\/www.total-belting.nl\">https:\/\/www.total-belting.nl<\/a><\/p>\n<p>verkoop@total-belting.nl<\/p>    <\/div>\n<\/div>\n<!-- \/module text --><!-- module icon -->\n<div  class=\"module module-icon tb_kuqd271   none icon_vertical\" data-lazy=\"1\">\n\t\t\t<div class=\"module-icon-item\">\n\t\t\t\t\t\t\t\t\t\t\t\t\t\t\t\t<em class=\"tf_box\"\n\t\t\t\t\t\t\t\t\t\t\t\t style=\"color:#009bfe\"\t\t\t\t\t><svg  class=\"tf_fa tf-fas-ruler-combined\" aria-hidden=\"true\"><use href=\"#tf-fas-ruler-combined\"><\/use><\/svg><\/em>\n\t\t\t\t\t\t\t\t\t\t\t\t\t\t\t\t\t\t\t<span>Lijn Inventarisatie<\/span>\n\t\t\t\t\t\t\t\t\t\t\t\t\t\t\t<\/div>\n\t\t\t<div class=\"module-icon-item\">\n\t\t\t\t\t\t\t\t\t\t\t\t\t\t\t\t<em class=\"tf_box\"\n\t\t\t\t\t\t\t\t\t\t\t\t style=\"color:#009bfe\"\t\t\t\t\t><svg  class=\"tf_fa tf-fas-qrcode\" aria-hidden=\"true\"><use href=\"#tf-fas-qrcode\"><\/use><\/svg><\/em>\n\t\t\t\t\t\t\t\t\t\t\t\t\t\t\t\t\t\t\t<span>TAG Application<\/span>\n\t\t\t\t\t\t\t\t\t\t\t\t\t\t\t<\/div>\n\t<\/div>\n<!-- \/module icon -->\n        <\/div>\n                    <div  data-lazy=\"1\" class=\"module_column sub_column col3-1 tb_tbsr271 last\">\n                    <!-- module text -->\n<div  class=\"module module-text tb_s5fi271\" data-lazy=\"1\">\n        <div  class=\"tb_text_wrap\">\n        <h3>Total Belting<\/h3>    <\/div>\n<\/div>\n<!-- \/module text --><!-- module text -->\n<div  class=\"module module-text tb_z6rz271\" data-lazy=\"1\">\n        <div  class=\"tb_text_wrap\">\n        <p>Vosdonk 37<\/p>\n<p>4879 NC Etten-Leur<\/p>\n<p>Netherlands<\/p>\n<p><a href=\"https:\/\/www.total-belting.nl\">https:\/\/www.total-belting.nl<\/a><\/p>\n<p>verkoop@total-belting.nl<\/p>    <\/div>\n<\/div>\n<!-- \/module text --><!-- module icon -->\n<div  class=\"module module-icon tb_os8f271   none icon_vertical\" data-lazy=\"1\">\n\t\t\t<div class=\"module-icon-item\">\n\t\t\t\t\t\t\t\t\t\t\t\t\t\t\t\t<em class=\"tf_box\"\n\t\t\t\t\t\t\t\t\t\t\t\t style=\"color:#009bfe\"\t\t\t\t\t><svg  class=\"tf_fa tf-fas-ruler-combined\" aria-hidden=\"true\"><use href=\"#tf-fas-ruler-combined\"><\/use><\/svg><\/em>\n\t\t\t\t\t\t\t\t\t\t\t\t\t\t\t\t\t\t\t<span>Lijn Inventarisatie<\/span>\n\t\t\t\t\t\t\t\t\t\t\t\t\t\t\t<\/div>\n\t\t\t<div class=\"module-icon-item\">\n\t\t\t\t\t\t\t\t\t\t\t\t\t\t\t\t<em class=\"tf_box\"\n\t\t\t\t\t\t\t\t\t\t\t\t style=\"color:#009bfe\"\t\t\t\t\t><svg  class=\"tf_fa tf-fas-qrcode\" aria-hidden=\"true\"><use href=\"#tf-fas-qrcode\"><\/use><\/svg><\/em>\n\t\t\t\t\t\t\t\t\t\t\t\t\t\t\t\t\t\t\t<span>TAG Application<\/span>\n\t\t\t\t\t\t\t\t\t\t\t\t\t\t\t<\/div>\n\t<\/div>\n<!-- \/module icon -->\n        <\/div>\n                    <\/div>\n                <div  data-lazy=\"1\" class=\"module_subrow themify_builder_sub_row tf_w col_align_top tb_col_count_3 tb_2o62271\">\n                <div  data-lazy=\"1\" class=\"module_column sub_column col3-1 tb_rylm271 first\">\n                    <!-- module text -->\n<div  class=\"module module-text tb_tahy271\" data-lazy=\"1\">\n        <div  class=\"tb_text_wrap\">\n        <h3>Total Belting<\/h3>    <\/div>\n<\/div>\n<!-- \/module text --><!-- module text -->\n<div  class=\"module module-text tb_jvdo271\" data-lazy=\"1\">\n        <div  class=\"tb_text_wrap\">\n        <p>K\u00fcppersweg 20<\/p>\n<p>2031 EC Haarlem<\/p>\n<p>Netherlands<\/p>\n<p><a href=\"https:\/\/www.total-belting.nl\">https:\/\/www.total-belting.nl<\/a><\/p>\n<p>verkoop@total-belting.nl<\/p>    <\/div>\n<\/div>\n<!-- \/module text --><!-- module icon -->\n<div  class=\"module module-icon tb_wwbr271   none icon_vertical\" data-lazy=\"1\">\n\t\t\t<div class=\"module-icon-item\">\n\t\t\t\t\t\t\t\t\t\t\t\t\t\t\t\t<em class=\"tf_box\"\n\t\t\t\t\t\t\t\t\t\t\t\t style=\"color:#009bfe\"\t\t\t\t\t><svg  class=\"tf_fa tf-fas-ruler-combined\" aria-hidden=\"true\"><use href=\"#tf-fas-ruler-combined\"><\/use><\/svg><\/em>\n\t\t\t\t\t\t\t\t\t\t\t\t\t\t\t\t\t\t\t<span>Lijn Inventarisatie<\/span>\n\t\t\t\t\t\t\t\t\t\t\t\t\t\t\t<\/div>\n\t\t\t<div class=\"module-icon-item\">\n\t\t\t\t\t\t\t\t\t\t\t\t\t\t\t\t<em class=\"tf_box\"\n\t\t\t\t\t\t\t\t\t\t\t\t style=\"color:#009bfe\"\t\t\t\t\t><svg  class=\"tf_fa tf-fas-qrcode\" aria-hidden=\"true\"><use href=\"#tf-fas-qrcode\"><\/use><\/svg><\/em>\n\t\t\t\t\t\t\t\t\t\t\t\t\t\t\t\t\t\t\t<span>TAG Application<\/span>\n\t\t\t\t\t\t\t\t\t\t\t\t\t\t\t<\/div>\n\t<\/div>\n<!-- \/module icon -->\n        <\/div>\n                    <div  data-lazy=\"1\" class=\"module_column sub_column col3-1 tb_ug1c271\">\n                    <!-- module text -->\n<div  class=\"module module-text tb_t1x0271\" data-lazy=\"1\">\n        <div  class=\"tb_text_wrap\">\n        <h3>Total Belting<\/h3>    <\/div>\n<\/div>\n<!-- \/module text --><!-- module text -->\n<div  class=\"module module-text tb_wftt271\" data-lazy=\"1\">\n        <div  class=\"tb_text_wrap\">\n        <p>Pasteurweg 24<\/p>\n<p>8503 AB Joure<\/p>\n<p>Netherlands<\/p>\n<p><a href=\"https:\/\/www.total-belting.nl\">https:\/\/www.total-belting.nl<\/a><\/p>\n<p>verkoop@total-belting.nl<\/p>    <\/div>\n<\/div>\n<!-- \/module text --><!-- module icon -->\n<div  class=\"module module-icon tb_qgos271   none icon_vertical\" data-lazy=\"1\">\n\t\t\t<div class=\"module-icon-item\">\n\t\t\t\t\t\t\t\t\t\t\t\t\t\t\t\t<em class=\"tf_box\"\n\t\t\t\t\t\t\t\t\t\t\t\t style=\"color:#009bfe\"\t\t\t\t\t><svg  class=\"tf_fa tf-fas-ruler-combined\" aria-hidden=\"true\"><use href=\"#tf-fas-ruler-combined\"><\/use><\/svg><\/em>\n\t\t\t\t\t\t\t\t\t\t\t\t\t\t\t\t\t\t\t<span>Lijn Inventarisatie<\/span>\n\t\t\t\t\t\t\t\t\t\t\t\t\t\t\t<\/div>\n\t\t\t<div class=\"module-icon-item\">\n\t\t\t\t\t\t\t\t\t\t\t\t\t\t\t\t<em class=\"tf_box\"\n\t\t\t\t\t\t\t\t\t\t\t\t style=\"color:#009bfe\"\t\t\t\t\t><svg  class=\"tf_fa tf-fas-qrcode\" aria-hidden=\"true\"><use href=\"#tf-fas-qrcode\"><\/use><\/svg><\/em>\n\t\t\t\t\t\t\t\t\t\t\t\t\t\t\t\t\t\t\t<span>TAG Application<\/span>\n\t\t\t\t\t\t\t\t\t\t\t\t\t\t\t<\/div>\n\t<\/div>\n<!-- \/module icon -->\n        <\/div>\n                    <div  data-lazy=\"1\" class=\"module_column sub_column col3-1 tb_wh7r271 last\">\n                    <!-- module text -->\n<div  class=\"module module-text tb_xrag271\" data-lazy=\"1\">\n        <div  class=\"tb_text_wrap\">\n        <h3>Bronox Spare Parts<\/h3>    <\/div>\n<\/div>\n<!-- \/module text --><!-- module text -->\n<div  class=\"module module-text tb_aw6v271\" data-lazy=\"1\">\n        <div  class=\"tb_text_wrap\">\n        <p>Ninovesteenweg 147<\/p>\n<p>Erembodegem<\/p>\n<p>Belgium<\/p>\n<p><a href=\"https:\/\/bronox.be\">https:\/\/bronox.be<\/a><\/p>\n<p>info@bronox.be<\/p>    <\/div>\n<\/div>\n<!-- \/module text --><!-- module icon -->\n<div  class=\"module module-icon tb_b2vg271   none icon_vertical\" data-lazy=\"1\">\n\t\t\t<div class=\"module-icon-item\">\n\t\t\t\t\t\t\t\t\t\t\t\t\t\t\t\t<em class=\"tf_box\"\n\t\t\t\t\t\t\t\t\t\t\t\t style=\"color:#009bfe\"\t\t\t\t\t><svg  class=\"tf_fa tf-fas-ruler-combined\" aria-hidden=\"true\"><use href=\"#tf-fas-ruler-combined\"><\/use><\/svg><\/em>\n\t\t\t\t\t\t\t\t\t\t\t\t\t\t\t\t\t\t\t<span>Lijn Inventarisatie<\/span>\n\t\t\t\t\t\t\t\t\t\t\t\t\t\t\t<\/div>\n\t\t\t<div class=\"module-icon-item\">\n\t\t\t\t\t\t\t\t\t\t\t\t\t\t\t\t<em class=\"tf_box\"\n\t\t\t\t\t\t\t\t\t\t\t\t style=\"color:#009bfe\"\t\t\t\t\t><svg  class=\"tf_fa tf-fas-qrcode\" aria-hidden=\"true\"><use href=\"#tf-fas-qrcode\"><\/use><\/svg><\/em>\n\t\t\t\t\t\t\t\t\t\t\t\t\t\t\t\t\t\t\t<span>TAG Application<\/span>\n\t\t\t\t\t\t\t\t\t\t\t\t\t\t\t<\/div>\n\t<\/div>\n<!-- \/module icon -->\n        <\/div>\n                    <\/div>\n                <\/div>\n                        <\/div>\n        <\/div>\n        <\/div>\n<!--\/themify_builder_content-->","protected":false},"excerpt":{"rendered":"<p>Implementatie<\/p>","protected":false},"author":1,"featured_media":0,"parent":0,"menu_order":0,"comment_status":"closed","ping_status":"closed","template":"","meta":{"inline_featured_image":false,"footnotes":""},"class_list":["post-433","page","type-page","status-publish","hentry","has-post-title","has-post-date","has-post-category","has-post-tag","has-post-comment","has-post-author",""],"builder_content":"<h2>Implementation<\/h2>\n<p>You can implement MyConveyor by yourself, or with assistance of one or our specialist partners. In any case all parts need to be listed using our template. Once we receive the complete part list and additional documentation (spec sheets, drawings etc.) we will make sure everything ends up nicely in our database.<\/p> <p>\u00a0<\/p> <p>The DIY option of course is time consuming and demands a certain level of part knowledge. This is why we recommend to involve our partners for implementation. Get in touch and find out the advantages of their full service implementation.<\/p> <p>\u00a0<\/p>\n<img src=\"https:\/\/myconveyor.online\/wp-content\/uploads\/2024\/06\/Scherm\u00adafbeelding-2024-06-09-om-14.42.03.png\" title=\"Scherm\u00adafbeelding 2024-06-09 om 14.42.03\" alt=\"Scherm\u00adafbeelding 2024-06-09 om 14.42.03\" srcset=\"https:\/\/myconveyor.online\/wp-content\/uploads\/2024\/06\/Scherm\u00adafbeelding-2024-06-09-om-14.42.03.png 4052w, https:\/\/myconveyor.online\/wp-content\/uploads\/2024\/06\/Scherm\u00adafbeelding-2024-06-09-om-14.42.03-300x215.png 300w, https:\/\/myconveyor.online\/wp-content\/uploads\/2024\/06\/Scherm\u00adafbeelding-2024-06-09-om-14.42.03-1024x735.png 1024w, https:\/\/myconveyor.online\/wp-content\/uploads\/2024\/06\/Scherm\u00adafbeelding-2024-06-09-om-14.42.03-768x551.png 768w, https:\/\/myconveyor.online\/wp-content\/uploads\/2024\/06\/Scherm\u00adafbeelding-2024-06-09-om-14.42.03-1536x1102.png 1536w, https:\/\/myconveyor.online\/wp-content\/uploads\/2024\/06\/Scherm\u00adafbeelding-2024-06-09-om-14.42.03-2048x1470.png 2048w\" sizes=\"(max-width: 4052px) 100vw, 4052px\" \/>\n<h2>Partners<\/h2>\n<h3>Total Belting<\/h3>\n<p>Maagdenburgstraat 14<\/p> <p>7421 ZC Deventer<\/p> <p>Netherlands<\/p> <p><a href=\"https:\/\/www.total-belting.nl\">https:\/\/www.total-belting.nl<\/a><\/p> <p>verkoop@total-belting.nl<\/p>\n<em style=\"color:#009bfe\" ><svg aria-hidden=\"true\"><use href=\"#tf-fas-ruler-combined\"><\/use><\/svg><\/em> Line Survey <em style=\"color:#009bfe\" ><svg aria-hidden=\"true\"><use href=\"#tf-fas-qrcode\"><\/use><\/svg><\/em> TAG Application\n<h3>Total Belting<\/h3>\n<p>Blauwwater 17<\/p> <p>5951 DB Belfeld<\/p> <p>Netherlands<\/p> <p><a href=\"https:\/\/www.total-belting.nl\">https:\/\/www.total-belting.nl<\/a><\/p> <p>verkoop@total-belting.nl<\/p>\n<em style=\"color:#009bfe\" ><svg aria-hidden=\"true\"><use href=\"#tf-fas-ruler-combined\"><\/use><\/svg><\/em> Line Survey <em style=\"color:#009bfe\" ><svg aria-hidden=\"true\"><use href=\"#tf-fas-qrcode\"><\/use><\/svg><\/em> TAG Application\n<h3>Total Belting<\/h3>\n<p>Vosdonk 37<\/p> <p>4879 NC Etten-Leur<\/p> <p>Netherlands<\/p> <p><a href=\"https:\/\/www.total-belting.nl\">https:\/\/www.total-belting.nl<\/a><\/p> <p>verkoop@total-belting.nl<\/p>\n<em style=\"color:#009bfe\" ><svg aria-hidden=\"true\"><use href=\"#tf-fas-ruler-combined\"><\/use><\/svg><\/em> Line Survey <em style=\"color:#009bfe\" ><svg aria-hidden=\"true\"><use href=\"#tf-fas-qrcode\"><\/use><\/svg><\/em> TAG Application\n<h3>Total Belting<\/h3>\n<p>K\u00fcppersweg 20<\/p> <p>2031 EC Haarlem<\/p> <p>Netherlands<\/p> <p><a href=\"https:\/\/www.total-belting.nl\">https:\/\/www.total-belting.nl<\/a><\/p> <p>verkoop@total-belting.nl<\/p>\n<em style=\"color:#009bfe\" ><svg aria-hidden=\"true\"><use href=\"#tf-fas-ruler-combined\"><\/use><\/svg><\/em> Line Survey <em style=\"color:#009bfe\" ><svg aria-hidden=\"true\"><use href=\"#tf-fas-qrcode\"><\/use><\/svg><\/em> TAG Application\n<h3>Total Belting<\/h3>\n<p>Pasteurweg 24<\/p> <p>8503 AB Joure<\/p> <p>Netherlands<\/p> <p><a href=\"https:\/\/www.total-belting.nl\">https:\/\/www.total-belting.nl<\/a><\/p> <p>verkoop@total-belting.nl<\/p>\n<em style=\"color:#009bfe\" ><svg aria-hidden=\"true\"><use href=\"#tf-fas-ruler-combined\"><\/use><\/svg><\/em> Line Survey <em style=\"color:#009bfe\" ><svg aria-hidden=\"true\"><use href=\"#tf-fas-qrcode\"><\/use><\/svg><\/em> TAG Application\n<h3>Bronox Spare Parts<\/h3>\n<p>Ninovesteenweg 147<\/p> <p>Erembodegem<\/p> <p>Belgium<\/p> <p><a href=\"https:\/\/bronox.be\">https:\/\/bronox.be<\/a><\/p> <p>info@bronox.be<\/p>\n<em style=\"color:#009bfe\" ><svg aria-hidden=\"true\"><use href=\"#tf-fas-ruler-combined\"><\/use><\/svg><\/em> Line Survey <em style=\"color:#009bfe\" ><svg aria-hidden=\"true\"><use href=\"#tf-fas-qrcode\"><\/use><\/svg><\/em> TAG Application","_links":{"self":[{"href":"https:\/\/myconveyor.online\/nl\/wp-json\/wp\/v2\/pages\/433","targetHints":{"allow":["GET"]}}],"collection":[{"href":"https:\/\/myconveyor.online\/nl\/wp-json\/wp\/v2\/pages"}],"about":[{"href":"https:\/\/myconveyor.online\/nl\/wp-json\/wp\/v2\/types\/page"}],"author":[{"embeddable":true,"href":"https:\/\/myconveyor.online\/nl\/wp-json\/wp\/v2\/users\/1"}],"replies":[{"embeddable":true,"href":"https:\/\/myconveyor.online\/nl\/wp-json\/wp\/v2\/comments?post=433"}],"version-history":[{"count":22,"href":"https:\/\/myconveyor.online\/nl\/wp-json\/wp\/v2\/pages\/433\/revisions"}],"predecessor-version":[{"id":617,"href":"https:\/\/myconveyor.online\/nl\/wp-json\/wp\/v2\/pages\/433\/revisions\/617"}],"wp:attachment":[{"href":"https:\/\/myconveyor.online\/nl\/wp-json\/wp\/v2\/media?parent=433"}],"curies":[{"name":"wp","href":"https:\/\/api.w.org\/{rel}","templated":true}]}}